{"id":112,"date":"2013-08-14T14:37:55","date_gmt":"2013-08-14T12:37:55","guid":{"rendered":"http:\/\/timhackemack.de\/?page_id=112"},"modified":"2021-01-12T13:19:07","modified_gmt":"2021-01-12T11:19:07","slug":"about-me","status":"publish","type":"page","link":"http:\/\/timhackemack.de\/?page_id=112","title":{"rendered":"About me"},"content":{"rendered":"<p><a href=\"http:\/\/timhackemack.de\/?attachment_id=1556\" rel=\"attachment wp-att-1493\"><img loading=\"lazy\" class=\"alignleft wp-image-1556 size-medium\" src=\"http:\/\/timhackemack.de\/wp-content\/uploads\/2021\/01\/210110-MRP-2972-300x200.jpg\" alt=\"\" width=\"300\" height=\"200\" srcset=\"http:\/\/timhackemack.de\/wp-content\/uploads\/2021\/01\/210110-MRP-2972-300x200.jpg 300w, http:\/\/timhackemack.de\/wp-content\/uploads\/2021\/01\/210110-MRP-2972-768x512.jpg 768w\" sizes=\"(max-width: 300px) 100vw, 300px\" \/><\/a><\/p>\n<p>Tim Hackemack, Jahrgang 1979, ist gezwungen worden, im l\u00e4ndlichen Westfalen aufzuwachsen. Er ist verheiratet, hat zwei Kinder und zwingt diese nun auch, im l\u00e4ndlichen Westfalen aufzuwachsen.<\/p>\n<p>Mit verschiedenen Bands hat er f\u00fcnf Alben ver\u00f6ffentlicht, ist Freizeit-Konzertveranstalter und hat f\u00fcr mehrere Fanzines und Magazine geschrieben und fotografiert. Seit 2012 arbeitet er auch als freischaffender Fotograf und Journalist. Er hat bereits drei B\u00fccher im Hirnkost Verlag, Berlin ver\u00f6ffentlicht.<\/p>\n<p><strong>Kontakt:<\/strong><\/p>\n<p>0151\/11195374<\/p>\n<p>info@timhackemack.de<\/p>\n","protected":false},"excerpt":{"rendered":"<p>Tim Hackemack, Jahrgang 1979, ist gezwungen worden, im l\u00e4ndlichen Westfalen aufzuwachsen. Er ist verheiratet, hat zwei Kinder und zwingt diese nun auch, im l\u00e4ndlichen Westfalen aufzuwachsen. Mit verschiedenen Bands hat er f\u00fcnf Alben ver\u00f6ffentlicht, ist Freizeit-Konzertveranstalter und hat f\u00fcr mehrere Fanzines und Magazine geschrieben und fotografiert. Seit 2012 arbeitet er auch als freischaffender Fotograf und<\/p>\n<div class=\"more-link\">\n\t\t\t\t <a href=\"http:\/\/timhackemack.de\/?page_id=112\" class=\"link-btn theme-btn\"><span>Weiterlesen <\/span> <i class=\"fa fa-caret-right\"><\/i><\/a>\n\t\t\t<\/div>\n","protected":false},"author":1,"featured_media":0,"parent":0,"menu_order":0,"comment_status":"open","ping_status":"open","template":"","meta":[],"_links":{"self":[{"href":"http:\/\/timhackemack.de\/index.php?rest_route=\/wp\/v2\/pages\/112"}],"collection":[{"href":"http:\/\/timhackemack.de\/index.php?rest_route=\/wp\/v2\/pages"}],"about":[{"href":"http:\/\/timhackemack.de\/index.php?rest_route=\/wp\/v2\/types\/page"}],"author":[{"embeddable":true,"href":"http:\/\/timhackemack.de\/index.php?rest_route=\/wp\/v2\/users\/1"}],"replies":[{"embeddable":true,"href":"http:\/\/timhackemack.de\/index.php?rest_route=%2Fwp%2Fv2%2Fcomments&post=112"}],"version-history":[{"count":22,"href":"http:\/\/timhackemack.de\/index.php?rest_route=\/wp\/v2\/pages\/112\/revisions"}],"predecessor-version":[{"id":1559,"href":"http:\/\/timhackemack.de\/index.php?rest_route=\/wp\/v2\/pages\/112\/revisions\/1559"}],"wp:attachment":[{"href":"http:\/\/timhackemack.de\/index.php?rest_route=%2Fwp%2Fv2%2Fmedia&parent=112"}],"curies":[{"name":"wp","href":"https:\/\/api.w.org\/{rel}","templated":true}]}}