{"id":117,"date":"2013-08-14T15:37:05","date_gmt":"2013-08-14T13:37:05","guid":{"rendered":"http:\/\/timhackemack.de\/?page_id=117"},"modified":"2020-12-21T15:29:14","modified_gmt":"2020-12-21T13:29:14","slug":"impressum","status":"publish","type":"page","link":"http:\/\/timhackemack.de\/?page_id=117","title":{"rendered":"Impressum"},"content":{"rendered":"<p>Impressum<\/p>\n<p>Tim Hackemack<\/p>\n<p>Fotograf<\/p>\n<p>Kr\u00fcselblick 7<\/p>\n<p>48341 Altenberge<\/p>\n<p>Telefon: 0151\/11195374<\/p>\n<p>E-Mail: info@timhackemack.de<\/p>\n<p>Verantwortlich f\u00fcr den Inhalt (gem. \u00a7 55 Abs. 2 RStV):<\/p>\n<p>Tim Hackemack, Kr\u00fcselblick 7, 48341 Altenberge<\/p>\n<p>Disclaimer \u2013 rechtliche Hinweise<\/p>\n<p>\u00a7 1 Warnhinweis zu Inhalten<\/p>\n<p>Die kostenlosen und frei zug\u00e4nglichen Inhalte dieser Webseite wurden mit gr\u00f6\u00dftm\u00f6glicher Sorgfalt erstellt.Der Anbieter dieser Webseite \u00fcbernimmt jedoch keine Gew\u00e4hr f\u00fcr die Richtigkeit und Aktualit\u00e4t derbereitgestellten kostenlosen und frei zug\u00e4nglichen journalistischen Ratgeber und Nachrichten. Namentlichgekennzeichnete Beitr\u00e4ge geben die Meinung des jeweiligen Autors und nicht immer die Meinung desAnbieters wieder. Allein durch den Aufruf der kostenlosen und frei zug\u00e4nglichen Inhalte kommt keinerleiVertragsverh\u00e4ltnis zwischen dem Nutzer und dem Anbieter zustande, insoweit fehlt es amRechtsbindungswillen des Anbieters.<\/p>\n<p>\u00a7 2 Externe Links<\/p>\n<p>Diese Website enth\u00e4lt Verkn\u00fcpfungen zu Websites Dritter (&#8222;externe Links&#8220;). Diese Websites unterliegen derHaftung der jeweiligen Betreiber. Der Anbieter hat bei der erstmaligen Verkn\u00fcpfung der externen Links diefremden Inhalte daraufhin \u00fcberpr\u00fcft, ob etwaige Rechtsverst\u00f6\u00dfe bestehen. Zu dem Zeitpunkt waren keineRechtsverst\u00f6\u00dfe ersichtlich. Der Anbieter hat keinerlei Einfluss auf die aktuelle und zuk\u00fcnftige Gestaltungund auf die Inhalte der verkn\u00fcpften Seiten. Das Setzen von externen Links bedeutet nicht, dass sich derAnbieter die hinter dem Verweis oder Link liegenden Inhalte zu Eigen macht. Eine st\u00e4ndige Kontrolle derexternen Links ist f\u00fcr den Anbieter ohne konkrete Hinweise auf Rechtsverst\u00f6\u00dfe nicht zumutbar. BeiKenntnis von Rechtsverst\u00f6\u00dfen werden jedoch derartige externe Links unverz\u00fcglich gel\u00f6scht.<\/p>\n<p>\u00a7 3 Urheber- und Leistungsschutzrechte<\/p>\n<p>Die auf dieser Website ver\u00f6ffentlichten Inhalte unterliegen dem deutschen Urheber- undLeistungsschutzrecht. Jede vom deutschen Urheber- und Leistungsschutzrecht nicht zugelasseneVerwertung bedarf der vorherigen schriftlichen Zustimmung des Anbieters oder jeweiligen Rechteinhabers.Dies gilt insbesondere f\u00fcr Vervielf\u00e4ltigung, Bearbeitung, \u00dcbersetzung, Einspeicherung, Verarbeitung bzw.Wiedergabe von Inhalten in Datenbanken oder anderen elektronischen Medien und Systemen. Inhalte undRechte Dritter sind dabei als solche gekennzeichnet. Die unerlaubte Vervielf\u00e4ltigung oder Weitergabeeinzelner Inhalte oder kompletter Seiten ist nicht gestattet und strafbar. Lediglich die Herstellung vonKopien und Downloads f\u00fcr den pers\u00f6nlichen, privaten und nicht kommerziellen Gebrauch ist erlaubt.Die Darstellung dieser Website in fremden Frames ist nur mit schriftlicher Erlaubnis zul\u00e4ssig.<\/p>\n<p>\u00a7 4 Besondere Nutzungsbedingungen<\/p>\n<p>Soweit besondere Bedingungen f\u00fcr einzelne Nutzungen dieser Website von den vorgenanntenParagraphen abweichen, wird an entsprechender Stelle ausdr\u00fccklich darauf hingewiesen. In diesem Fallegelten im jeweiligen Einzelfall die besonderen Nutzungsbedingungen.<\/p>\n<p>Quelle: www.juraforum.de\/impressum-generator<\/p>\n","protected":false},"excerpt":{"rendered":"<p>Impressum Tim Hackemack Fotograf Kr\u00fcselblick 7 48341 Altenberge Telefon: 0151\/11195374 E-Mail: info@timhackemack.de Verantwortlich f\u00fcr den Inhalt (gem. \u00a7 55 Abs. 2 RStV): Tim Hackemack, Kr\u00fcselblick 7, 48341 Altenberge Disclaimer \u2013 rechtliche Hinweise \u00a7 1 Warnhinweis zu Inhalten Die kostenlosen und frei zug\u00e4nglichen Inhalte dieser Webseite wurden mit gr\u00f6\u00dftm\u00f6glicher Sorgfalt erstellt.Der Anbieter dieser Webseite \u00fcbernimmt jedoch<\/p>\n<div class=\"more-link\">\n\t\t\t\t <a href=\"http:\/\/timhackemack.de\/?page_id=117\" class=\"link-btn theme-btn\"><span>Weiterlesen <\/span> <i class=\"fa fa-caret-right\"><\/i><\/a>\n\t\t\t<\/div>\n","protected":false},"author":1,"featured_media":0,"parent":112,"menu_order":0,"comment_status":"open","ping_status":"closed","template":"","meta":[],"_links":{"self":[{"href":"http:\/\/timhackemack.de\/index.php?rest_route=\/wp\/v2\/pages\/117"}],"collection":[{"href":"http:\/\/timhackemack.de\/index.php?rest_route=\/wp\/v2\/pages"}],"about":[{"href":"http:\/\/timhackemack.de\/index.php?rest_route=\/wp\/v2\/types\/page"}],"author":[{"embeddable":true,"href":"http:\/\/timhackemack.de\/index.php?rest_route=\/wp\/v2\/users\/1"}],"replies":[{"embeddable":true,"href":"http:\/\/timhackemack.de\/index.php?rest_route=%2Fwp%2Fv2%2Fcomments&post=117"}],"version-history":[{"count":6,"href":"http:\/\/timhackemack.de\/index.php?rest_route=\/wp\/v2\/pages\/117\/revisions"}],"predecessor-version":[{"id":1516,"href":"http:\/\/timhackemack.de\/index.php?rest_route=\/wp\/v2\/pages\/117\/revisions\/1516"}],"up":[{"embeddable":true,"href":"http:\/\/timhackemack.de\/index.php?rest_route=\/wp\/v2\/pages\/112"}],"wp:attachment":[{"href":"http:\/\/timhackemack.de\/index.php?rest_route=%2Fwp%2Fv2%2Fmedia&parent=117"}],"curies":[{"name":"wp","href":"https:\/\/api.w.org\/{rel}","templated":true}]}}