{"id":1467,"date":"2018-05-16T10:37:24","date_gmt":"2018-05-16T08:37:24","guid":{"rendered":"http:\/\/timhackemack.de\/?page_id=1467"},"modified":"2020-12-21T14:48:44","modified_gmt":"2020-12-21T12:48:44","slug":"yesterdays-kids","status":"publish","type":"page","link":"https:\/\/timhackemack.de\/?page_id=1467","title":{"rendered":"Yesterday&#8217;s Kids"},"content":{"rendered":"<p><a href=\"http:\/\/timhackemack.de\/?attachment_id=1321\" rel=\"attachment wp-att-1321\"><img loading=\"lazy\" class=\"alignleft size-medium wp-image-1321\" src=\"http:\/\/timhackemack.de\/wp-content\/uploads\/2013\/08\/Punks_Cover-215x300.png\" alt=\"\" width=\"215\" height=\"300\" srcset=\"https:\/\/timhackemack.de\/wp-content\/uploads\/2013\/08\/Punks_Cover-215x300.png 215w, https:\/\/timhackemack.de\/wp-content\/uploads\/2013\/08\/Punks_Cover-734x1024.png 734w\" sizes=\"(max-width: 215px) 100vw, 215px\" \/><\/a><\/p>\n<p>Gebundene Ausgabe: 500 Seiten<\/p>\n<p>Erschienen: 17. Mai 2016<\/p>\n<p>Verlag: Hirnkost KG<\/p>\n<p>ISBN-10: 3945398150<\/p>\n<p>ISBN-13: 978-3945398159<\/p>\n<p>Preis: 36\u20ac<\/p>\n<p>Hirnkost: <a href=\"https:\/\/shop.hirnkost.de\/\">https:\/\/shop.hirnkost.de\/<\/a><\/p>\n<p>&nbsp;<\/p>\n<p>77 Personen hat der Fotograf Tim Hackemack portr\u00e4tiert. Punks, die alle die 40 \u00fcberschritten haben, die Kinder haben, die schon alt genug sind, um die n\u00e4chste kleine Revolution zu starten. Unterschiedliche Personen, die viel oder gar nichts verbindet und die doch eine gemeinsame Geschichte erz\u00e4hlen. Vier Jahre hat Tim Hackemack an dem Projekt gearbeitet, neben seinem Job, seiner Familie und seiner eigenen Band, dabei \u00fcber 15.000 km zur\u00fcckgelegt, unz\u00e4hlige Stunden in Recherchen investiert.<br \/>\nDie Bilder sind nach einer Punk-Devise entstanden: Red nicht geh los! Keine Maske, keine stundenlangen Bildbearbeitungen. Die Protagonist_innen konnten sich die Locations selbst aussuchen und eigene Ideen einbringen. Auch an der Auswahl der Bilder waren sie beteiligt. Die Bilder zeigen Menschen mit Ecken und Kanten. Sie best\u00e4tigen und widerlegen zugleich den Mythos der Jugendkultur.<\/p>\n<p>Rezensionen:<\/p>\n<p><a href=\"https:\/\/kulturexpresso.de\/was-der-punk-aus-menschen-macht-annotation-zum-buch-yesterdays-kids-von-tim-hackemack\/\">Kuturexpresso<\/a><\/p>\n<p>Berlin, Deutschland (Kulturexpresso). Ab Ende der 70er Jahre wurden Menschen in Ost \u2013 wie Westdeutschland vom Punkrock eingefangen. Der Wind fegte \u00fcber den Atlantik direkt in die Hirne der st\u00f6rrischen, nachdenklichen, anderen Jugend. Wer einmal vom Sound und dem Lebensgef\u00fchl gepackt wurde, war meist rettungslos f\u00fcr das \u201eSpie\u00dferleben\u201c verloren. Das Gef\u00fchl: mach was du willst, kleide dich wie du magst, zeig deinen Lehrern und allen Lebenserkl\u00e4rern den blanken Hintern, war einfach zu verlockend.<\/p>\n<p>Westberlin und Hamburg entwickelten sich bis zur Wende zum El Dorado der Tunichtgute und Verweigerer. In der DDR waren Leipzig und Ostberlin Zentren der Punkrockbewegung.<\/p>\n<p>Tim Hackenmack hat sich 40 Jahre nach Beginn der 1. Punkrockwelle aufgemacht, um zu erforschen, was vom Punk noch \u00fcbrig ist. Er besuchte 77 ProtagonistInnen der Bewegung in allen Ecken der Republik. Immer dabei seine Kamera, mit der er flinke Schnappsch\u00fcsse festhielt, ohne gro\u00dfe Vorbereitung, ganz dem Zufall verpflichtet und dem, was ihm gerade wichtig erschien.<\/p>\n<p>Diverse Punker bringen sich gern in Pose, manchen ist der irre Punkerblick ein Muss. Andere, besonders die Frauen, k\u00f6nnen auch mal l\u00e4cheln. Wobei die 77 alle keine Models sind und so gut wie m\u00f6glich aus der Sache rauskommen wollen. Wohlgemerkt, sie kommen gut raus, es ist ein gro\u00dfartiger Bildband. Parallel stellt Hackenmack seinen 77 Fragen zum damaligen Lebensstil, ihren Projekten, Drogen und ihrer politischen Einstellung. Die erste Frage lautet immer, wann und wo bist du zum Punk gekommen.<\/p>\n<p>Ein starkes Erinnerungswerk mit f\u00fcrwahr tollen Fotos.<\/p>\n","protected":false},"excerpt":{"rendered":"<p>Gebundene Ausgabe: 500 Seiten Erschienen: 17. Mai 2016 Verlag: Hirnkost KG ISBN-10: 3945398150 ISBN-13: 978-3945398159 Preis: 36\u20ac Hirnkost: https:\/\/shop.hirnkost.de\/ &nbsp; 77 Personen hat der Fotograf Tim Hackemack portr\u00e4tiert. Punks, die alle die 40 \u00fcberschritten haben, die Kinder haben, die schon alt genug sind, um die n\u00e4chste kleine Revolution zu starten. Unterschiedliche Personen, die viel oder<\/p>\n<div class=\"more-link\">\n\t\t\t\t <a href=\"https:\/\/timhackemack.de\/?page_id=1467\" class=\"link-btn theme-btn\"><span>Weiterlesen <\/span> <i class=\"fa fa-caret-right\"><\/i><\/a>\n\t\t\t<\/div>\n","protected":false},"author":1,"featured_media":0,"parent":0,"menu_order":0,"comment_status":"closed","ping_status":"closed","template":"","meta":[],"_links":{"self":[{"href":"https:\/\/timhackemack.de\/index.php?rest_route=\/wp\/v2\/pages\/1467"}],"collection":[{"href":"https:\/\/timhackemack.de\/index.php?rest_route=\/wp\/v2\/pages"}],"about":[{"href":"https:\/\/timhackemack.de\/index.php?rest_route=\/wp\/v2\/types\/page"}],"author":[{"embeddable":true,"href":"https:\/\/timhackemack.de\/index.php?rest_route=\/wp\/v2\/users\/1"}],"replies":[{"embeddable":true,"href":"https:\/\/timhackemack.de\/index.php?rest_route=%2Fwp%2Fv2%2Fcomments&post=1467"}],"version-history":[{"count":3,"href":"https:\/\/timhackemack.de\/index.php?rest_route=\/wp\/v2\/pages\/1467\/revisions"}],"predecessor-version":[{"id":1492,"href":"https:\/\/timhackemack.de\/index.php?rest_route=\/wp\/v2\/pages\/1467\/revisions\/1492"}],"wp:attachment":[{"href":"https:\/\/timhackemack.de\/index.php?rest_route=%2Fwp%2Fv2%2Fmedia&parent=1467"}],"curies":[{"name":"wp","href":"https:\/\/api.w.org\/{rel}","templated":true}]}}