{"id":1476,"date":"2020-12-21T14:39:31","date_gmt":"2020-12-21T12:39:31","guid":{"rendered":"http:\/\/timhackemack.de\/?page_id=1476"},"modified":"2020-12-21T14:44:48","modified_gmt":"2020-12-21T12:44:48","slug":"hit-the-stage","status":"publish","type":"page","link":"https:\/\/timhackemack.de\/?page_id=1476","title":{"rendered":"Hit the Stage"},"content":{"rendered":"<p><a href=\"http:\/\/timhackemack.de\/?attachment_id=1484\" rel=\"attachment wp-att-1484\"><img loading=\"lazy\" class=\"alignleft size-medium wp-image-1484\" src=\"http:\/\/timhackemack.de\/wp-content\/uploads\/2020\/12\/hts-4covers-scaled-225x300.jpg\" alt=\"\" width=\"225\" height=\"300\" srcset=\"https:\/\/timhackemack.de\/wp-content\/uploads\/2020\/12\/hts-4covers-scaled-225x300.jpg 225w, https:\/\/timhackemack.de\/wp-content\/uploads\/2020\/12\/hts-4covers-scaled-768x1024.jpg 768w, https:\/\/timhackemack.de\/wp-content\/uploads\/2020\/12\/hts-4covers-scaled.jpg 1920w\" sizes=\"(max-width: 225px) 100vw, 225px\" \/><\/a><\/p>\n<p>Gebundene Ausgabe: 400 Seiten<\/p>\n<p>Erschienen: 30.11.2020<\/p>\n<p>Verlag: Hirnkost KG<\/p>\n<p>ISBN-10: <span class=\"a-list-item\"> 3948675775<\/span><\/p>\n<p>ISBN-13: <span class=\"a-list-item\">978-3948675776<\/span><\/p>\n<p>Preis: 40\u20ac<\/p>\n<p>Hier k\u00f6nnt ihr es kaufen: <a href=\"https:\/\/shop.hirnkost.de\/produkt\/hit-the-stage\/\">Hit the Stage<\/a><\/p>\n<p>&nbsp;<\/p>\n<p>Live-Fotos und Interviews mit 30 Bands aus 14 L\u00e4ndern.<\/p>\n<p>Touring, touring is never boring, sangen die Ramones 1981. Der gro\u00dfe Traum jedes Musikers, immer auf Tour zu sein im gro\u00dfen Nightliner, eine Stunde auf die B\u00fchne und dann jeden Abend Party. Wie die Realit\u00e4t aussieht, erz\u00e4hlen 30 Punk-, Oi- und Hardcorebands aus 14 L\u00e4ndern in Tim Hackemacks neuem zweisprachigen Buch &#8222;Hit the Stage&#8220;. Von S\u00fcdkorea \u00fcber Argentinien bis Polen berichten Musiker \u00fcber Langeweile auf Tour, Probleme, Auftritte zu finden, das Musikbusiness im Gro\u00dfen wie im Kleinen, und erz\u00e4hlen Geschichten aus ihrem Tourleben. Dazu ist Hirnkost-Autor Tim Hackemack auch auf Tour gegangen, um Konzerte von allen Bands zu besuchen und das Buch mit \u00fcber 1.000 Fotos aus gro\u00dfen Hallen, Festivals und vielen kleinen Clubs zu best\u00fccken. Stagehands, Tourfotografen, Booker und Mercher berichten \u00fcber ihre Arbeit neben der B\u00fchne. Die Fotos zeigen die eine Stunde des Tages, die alle lieben. Die Interviews berichten \u00fcber die restlichen 23 Stunden, die daf\u00fcr n\u00f6tig sind, dass man eine Stunde gut aussieht. Featuring Agnostic Front, Discharge, The Movement, Dritte Wahl, Slime, Razors, Abw\u00e4rts, Aggressive, Gum Bleed, Grade 2, Kevin Seconds, Lion&#8217;s Law, Menace, The Generators, TV Smith, The Veggers, Bishops Green, C4 Service, Die Lokalmatadore, COR, Friedemann, The Manges, The Outcasts, The Peacocks, The Analogs, Zona 84, Rantanplan, Shandy, Mr. Irish Bastard, Die Mimmis. Touring, touring is never boring, sangen die Ramones 1981. Der gro\u00dfe Traum jedes Musikers, immer auf Tour zu sein im gro\u00dfen Nightliner, eine Stunde auf die B\u00fchne und dann jeden Abend Party. Wie die Realit\u00e4t aussieht, erz\u00e4hlen 30 Punk-, Oi- und Hardcorebands aus 14 L\u00e4ndern in Tim Hackemacks neuem zweisprachigen Buch &#8222;Hit the Stage&#8220;. Von S\u00fcdkorea \u00fcber Argentinien bis Polen berichten Musiker \u00fcber Langeweile auf Tour, Probleme, Auftritte zu finden, das Musikbusiness im Gro\u00dfen wie im Kleinen, und erz\u00e4hlen Geschichten aus ihrem Tourleben. Dazu ist Hirnkost-Autor Tim Hackemack auch auf Tour gegangen, um Konzerte von allen Bands zu besuchen und das Buch mit \u00fcber 1.000 Fotos aus gro\u00dfen Hallen, Festivals und vielen kleinen Clubs zu best\u00fccken. Stagehands, Tourfotografen, Booker und Mercher berichten \u00fcber ihre Arbeit neben der B\u00fchne. Die Fotos zeigen die eine Stunde des Tages, die alle lieben. Die Interviews berichten \u00fcber die restlichen 23 Stunden, die daf\u00fcr n\u00f6tig sind, dass man eine Stunde gut aussieht. Featuring Agnostic Front, Discharge, The Movement, Dritte Wahl, Slime, Razors, Abw\u00e4rts, Aggressive, Gum Bleed, Grade 2, Kevin Seconds, Lion&#8217;s Law, Menace, The Generators, TV Smith, The Veggers, Bishops Green, C4 Service, Die Lokalmatadore, COR, Friedemann, The Manges, The Outcasts, The Peacocks, The Analogs, Zona 84, Rantanplan, Shandy, Mr. Irish Bastard, Die Mimmis. Zur Auswahl stehen 4 verschieden Cover-Varianten, die inhaltlich identisch sind: &#8211; Dritte Wahl Edition &#8211; Discharge Edition &#8211; Agnostic Front Edition &#8211; Razors Edition<\/p>\n","protected":false},"excerpt":{"rendered":"<p>Gebundene Ausgabe: 400 Seiten Erschienen: 30.11.2020 Verlag: Hirnkost KG ISBN-10: 3948675775 ISBN-13: 978-3948675776 Preis: 40\u20ac Hier k\u00f6nnt ihr es kaufen: Hit the Stage &nbsp; Live-Fotos und Interviews mit 30 Bands aus 14 L\u00e4ndern. Touring, touring is never boring, sangen die Ramones 1981. Der gro\u00dfe Traum jedes Musikers, immer auf Tour zu sein im gro\u00dfen Nightliner,<\/p>\n<div class=\"more-link\">\n\t\t\t\t <a href=\"https:\/\/timhackemack.de\/?page_id=1476\" class=\"link-btn theme-btn\"><span>Weiterlesen <\/span> <i class=\"fa fa-caret-right\"><\/i><\/a>\n\t\t\t<\/div>\n","protected":false},"author":1,"featured_media":0,"parent":0,"menu_order":0,"comment_status":"closed","ping_status":"closed","template":"","meta":[],"_links":{"self":[{"href":"https:\/\/timhackemack.de\/index.php?rest_route=\/wp\/v2\/pages\/1476"}],"collection":[{"href":"https:\/\/timhackemack.de\/index.php?rest_route=\/wp\/v2\/pages"}],"about":[{"href":"https:\/\/timhackemack.de\/index.php?rest_route=\/wp\/v2\/types\/page"}],"author":[{"embeddable":true,"href":"https:\/\/timhackemack.de\/index.php?rest_route=\/wp\/v2\/users\/1"}],"replies":[{"embeddable":true,"href":"https:\/\/timhackemack.de\/index.php?rest_route=%2Fwp%2Fv2%2Fcomments&post=1476"}],"version-history":[{"count":4,"href":"https:\/\/timhackemack.de\/index.php?rest_route=\/wp\/v2\/pages\/1476\/revisions"}],"predecessor-version":[{"id":1487,"href":"https:\/\/timhackemack.de\/index.php?rest_route=\/wp\/v2\/pages\/1476\/revisions\/1487"}],"wp:attachment":[{"href":"https:\/\/timhackemack.de\/index.php?rest_route=%2Fwp%2Fv2%2Fmedia&parent=1476"}],"curies":[{"name":"wp","href":"https:\/\/api.w.org\/{rel}","templated":true}]}}