{"id":1561,"date":"2021-02-02T23:24:41","date_gmt":"2021-02-02T21:24:41","guid":{"rendered":"http:\/\/timhackemack.de\/?page_id=1561"},"modified":"2026-03-11T22:31:38","modified_gmt":"2026-03-11T20:31:38","slug":"links","status":"publish","type":"page","link":"https:\/\/timhackemack.de\/?page_id=1561","title":{"rendered":"Links"},"content":{"rendered":"\n<p><strong>TH im Netz<\/strong><\/p>\n\n\n\n<p><a href=\"http:\/\/www.basketballms.de\">Basketball Fotografie by Tim Hackemack<\/a><\/p>\n\n\n\n<p><a rel=\"noreferrer noopener\" href=\"https:\/\/www.facebook.com\/timhackemack\" data-type=\"URL\" data-id=\"https:\/\/www.facebook.com\/timhackemack\" target=\"_blank\">Tim Hackemack bei Facebook<\/a><\/p>\n\n\n\n<p><a rel=\"noreferrer noopener\" href=\"https:\/\/www.tumblr.com\/blog\/view\/timhackemackfotografie-blog\" data-type=\"URL\" data-id=\"https:\/\/www.tumblr.com\/blog\/view\/timhackemackfotografie-blog\" target=\"_blank\">Tim Hackemack bei Tumblr<\/a><\/p>\n\n\n\n<p><a rel=\"noreferrer noopener\" href=\"https:\/\/www.instagram.com\/timhackemackphotography\/?hl=de\" data-type=\"URL\" data-id=\"https:\/\/www.instagram.com\/timhackemackphotography\/?hl=de\" target=\"_blank\">Tim Hackemack bei Instagram<\/a><\/p>\n\n\n\n<p><strong>Freunde, Bekannte, Unterst\u00fctzenswertes<\/strong><\/p>\n\n\n\n<p><a rel=\"noreferrer noopener\" href=\"https:\/\/therapiemitvierpfoten.de\/\" data-type=\"URL\" data-id=\"https:\/\/therapiemitvierpfoten.de\/\" target=\"_blank\">Therapie mit vier Pfoten<\/a> &#8211; tiergest\u00fctzte Therapie und P\u00e4dagogik in M\u00fcnster<\/p>\n\n\n\n<p><a rel=\"noreferrer noopener\" href=\"https:\/\/www.zeitraster.de\/\" data-type=\"URL\" data-id=\"https:\/\/www.zeitraster.de\/\" target=\"_blank\">Zeitraster Fotografie<\/a><\/p>\n\n\n\n<p><a rel=\"noreferrer noopener\" href=\"https:\/\/bastianbochinski.de\" data-type=\"URL\" data-id=\"https:\/\/bastianbochinski.de\" target=\"_blank\">Bastian Bochinski<\/a> &#8211; Fotograf aus Berlin<\/p>\n\n\n\n<p><a rel=\"noreferrer noopener\" href=\"https:\/\/sea-watch.org\/\" data-type=\"URL\" data-id=\"https:\/\/sea-watch.org\/\" target=\"_blank\">Sea Watch<\/a> &#8211; Zivile Seenotrettung<\/p>\n\n\n\n<p><a href=\"https:\/\/galeriespringmann.de\" data-type=\"URL\" data-id=\"https:\/\/galeriespringmann.de\" target=\"_blank\" rel=\"noreferrer noopener\">Galerie Springmann<\/a><\/p>\n\n\n\n<p><\/p>\n","protected":false},"excerpt":{"rendered":"<p>TH im Netz Basketball Fotografie by Tim Hackemack Tim Hackemack bei Facebook Tim Hackemack bei Tumblr Tim Hackemack bei Instagram Freunde, Bekannte, Unterst\u00fctzenswertes Therapie mit vier Pfoten &#8211; tiergest\u00fctzte Therapie und P\u00e4dagogik in M\u00fcnster Zeitraster Fotografie Bastian Bochinski &#8211; Fotograf aus Berlin Sea Watch &#8211; Zivile Seenotrettung Galerie Springmann<\/p>\n","protected":false},"author":1,"featured_media":0,"parent":0,"menu_order":0,"comment_status":"closed","ping_status":"closed","template":"","meta":[],"_links":{"self":[{"href":"https:\/\/timhackemack.de\/index.php?rest_route=\/wp\/v2\/pages\/1561"}],"collection":[{"href":"https:\/\/timhackemack.de\/index.php?rest_route=\/wp\/v2\/pages"}],"about":[{"href":"https:\/\/timhackemack.de\/index.php?rest_route=\/wp\/v2\/types\/page"}],"author":[{"embeddable":true,"href":"https:\/\/timhackemack.de\/index.php?rest_route=\/wp\/v2\/users\/1"}],"replies":[{"embeddable":true,"href":"https:\/\/timhackemack.de\/index.php?rest_route=%2Fwp%2Fv2%2Fcomments&post=1561"}],"version-history":[{"count":4,"href":"https:\/\/timhackemack.de\/index.php?rest_route=\/wp\/v2\/pages\/1561\/revisions"}],"predecessor-version":[{"id":2769,"href":"https:\/\/timhackemack.de\/index.php?rest_route=\/wp\/v2\/pages\/1561\/revisions\/2769"}],"wp:attachment":[{"href":"https:\/\/timhackemack.de\/index.php?rest_route=%2Fwp%2Fv2%2Fmedia&parent=1561"}],"curies":[{"name":"wp","href":"https:\/\/api.w.org\/{rel}","templated":true}]}}