{"id":1643,"date":"2021-10-19T19:03:19","date_gmt":"2021-10-19T17:03:19","guid":{"rendered":"http:\/\/timhackemack.de\/?page_id=1643"},"modified":"2025-11-04T00:29:01","modified_gmt":"2025-11-03T22:29:01","slug":"termine","status":"publish","type":"page","link":"https:\/\/timhackemack.de\/?page_id=1643","title":{"rendered":"Termine"},"content":{"rendered":"\n<p><strong>Aktuelle Termine<\/strong><\/p>\n\n\n\n<p>15.11.2025 &#8211; Fotoausstellung Kriegsgr\u00e4berst\u00e4tte Loivre (10 &#8211; 13 Uhr) Heimathues Altenberge<\/p>\n\n\n\n<p>16.11.2025 &#8211; Fotoausstellung Kriegsgr\u00e4berst\u00e4tte Loivre (10 &#8211; 13 Uhr) Heimathues Altenberge<\/p>\n\n\n\n<p>19.12.2025 &#8211; Weihnachten auf dem Plattenteller (Altenberge) &#8211; more Infos coming soon<\/p>\n\n\n\n<p><strong>Vergangene Termine<\/strong><\/p>\n\n\n\n<p>12.11.2021 &#8211; <a href=\"https:\/\/fb.me\/e\/NYL5Dpc0\">Buchpr\u00e4sentation Hit the Stage &#8211; Rock &amp; Wurst, Bremen<\/a><\/p>\n\n\n\n<p>25.09.2021 &#8211; <a rel=\"noreferrer noopener\" href=\"https:\/\/www.buch-zur-heide.de\/veranstaltungen\/tim-hackemack-hit-stage\" data-type=\"URL\" data-id=\"https:\/\/www.buch-zur-heide.de\/veranstaltungen\/tim-hackemack-hit-stage\" target=\"_blank\">Buchpr\u00e4sentation Hit the Stage &#8211; Shock Records, Osnabr\u00fcck<\/a><\/p>\n\n\n\n<p>21.08.2021 &#8211; <a rel=\"noreferrer noopener\" href=\"https:\/\/www.stadt-muenster.de\/buecherei\/veranstaltungen\/digi-musiclab\" target=\"_blank\">Wie organisiere ich ein Konzert<\/a> &#8211; Workshop in der Stadtb\u00fccherei M\u00fcnster.<\/p>\n\n\n\n<p>01.08.2021 &#8211; 31.08.2021 &#8211; Fotoausstellung Hit the Stage in der Stadtb\u00fccherei M\u00fcnster<\/p>\n\n\n\n<p>30.07.2021 &#8211; <a href=\"https:\/\/www.facebook.com\/events\/350760356538924\/?acontext=%7B%22event_action_history%22%3A[%7B%22extra_data%22%3A%22%22%2C%22mechanism%22%3A%22left_rail%22%2C%22surface%22%3A%22bookmark%22%7D%2C%7B%22extra_data%22%3A%22%22%2C%22mechanism%22%3A%22left_rail%22%2C%22surface%22%3A%22bookmark%22%7D%2C%7B%22extra_data%22%3A%22%22%2C%22mechanism%22%3A%22calendar_hosting_past_events_unit%22%2C%22surface%22%3A%22bookmark_calendar%22%7D]%2C%22ref_notif_type%22%3Anull%7D\" data-type=\"URL\" data-id=\"https:\/\/www.facebook.com\/events\/350760356538924\/?acontext=%7B%22event_action_history%22%3A[%7B%22extra_data%22%3A%22%22%2C%22mechanism%22%3A%22left_rail%22%2C%22surface%22%3A%22bookmark%22%7D%2C%7B%22extra_data%22%3A%22%22%2C%22mechanism%22%3A%22left_rail%22%2C%22surface%22%3A%22bookmark%22%7D%2C%7B%22extra_data%22%3A%22%22%2C%22mechanism%22%3A%22calendar_hosting_past_events_unit%22%2C%22surface%22%3A%22bookmark_calendar%22%7D]%2C%22ref_notif_type%22%3Anull%7D\">Buchpr\u00e4sentation Hit the Stage &#8211; Indra, Hamburg<\/a><\/p>\n","protected":false},"excerpt":{"rendered":"<p>Aktuelle Termine 15.11.2025 &#8211; Fotoausstellung Kriegsgr\u00e4berst\u00e4tte Loivre (10 &#8211; 13 Uhr) Heimathues Altenberge 16.11.2025 &#8211; Fotoausstellung Kriegsgr\u00e4berst\u00e4tte Loivre (10 &#8211; 13 Uhr) Heimathues Altenberge 19.12.2025 &#8211; Weihnachten auf dem Plattenteller (Altenberge) &#8211; more Infos coming soon Vergangene Termine 12.11.2021 &#8211; Buchpr\u00e4sentation Hit the Stage &#8211; Rock &amp; Wurst, Bremen 25.09.2021 &#8211; Buchpr\u00e4sentation Hit the Stage<\/p>\n<div class=\"more-link\">\n\t\t\t\t <a href=\"https:\/\/timhackemack.de\/?page_id=1643\" class=\"link-btn theme-btn\"><span>Weiterlesen <\/span> <i class=\"fa fa-caret-right\"><\/i><\/a>\n\t\t\t<\/div>\n","protected":false},"author":1,"featured_media":0,"parent":0,"menu_order":0,"comment_status":"closed","ping_status":"closed","template":"","meta":[],"_links":{"self":[{"href":"https:\/\/timhackemack.de\/index.php?rest_route=\/wp\/v2\/pages\/1643"}],"collection":[{"href":"https:\/\/timhackemack.de\/index.php?rest_route=\/wp\/v2\/pages"}],"about":[{"href":"https:\/\/timhackemack.de\/index.php?rest_route=\/wp\/v2\/types\/page"}],"author":[{"embeddable":true,"href":"https:\/\/timhackemack.de\/index.php?rest_route=\/wp\/v2\/users\/1"}],"replies":[{"embeddable":true,"href":"https:\/\/timhackemack.de\/index.php?rest_route=%2Fwp%2Fv2%2Fcomments&post=1643"}],"version-history":[{"count":8,"href":"https:\/\/timhackemack.de\/index.php?rest_route=\/wp\/v2\/pages\/1643\/revisions"}],"predecessor-version":[{"id":2205,"href":"https:\/\/timhackemack.de\/index.php?rest_route=\/wp\/v2\/pages\/1643\/revisions\/2205"}],"wp:attachment":[{"href":"https:\/\/timhackemack.de\/index.php?rest_route=%2Fwp%2Fv2%2Fmedia&parent=1643"}],"curies":[{"name":"wp","href":"https:\/\/api.w.org\/{rel}","templated":true}]}}